{"id":43,"date":"2023-08-03T11:59:30","date_gmt":"2023-08-03T11:59:30","guid":{"rendered":"https:\/\/rominawainberg.com\/wordpress\/?page_id=43"},"modified":"2026-04-22T17:19:21","modified_gmt":"2026-04-22T17:19:21","slug":"cv","status":"publish","type":"page","link":"https:\/\/www.rominawainberg.com\/?page_id=43","title":{"rendered":"CV"},"content":{"rendered":"\n<p><strong>APPOINTMENTS &amp; EDUCATION<\/strong><\/p>\n\n\n\n<p><strong>Assistant Professor, Latin American and Iberian Cultures, USC.<\/strong><\/p>\n\n\n\n<p>Postdoc., Klarman Postdoctoral Fellow, Romance Studies, Cornell University.<\/p>\n\n\n\n<p>Ph.D., Iberian and Latin American Cultures, Stanford University. <\/p>\n\n\n\n<p>M.Phil., Hispanic Studies, University of Glasgow. <\/p>\n\n\n\n<p>B.A., Modern Literature and Literary Theory, Universidad de Buenos Aires.<\/p>\n\n\n\n<p>Spec., Creative Writing, Casa de Letras.<\/p>\n\n\n\n<p><strong>SELECTED PUBLICATIONS<\/strong> <strong>&amp; TALKS (2022-2025)<\/strong><\/p>\n\n\n\n<p>BOOKS<\/p>\n\n\n\n<p>Edited volumes<br><br><em>Queer Latin American Voices<\/em>. Weston: Katakana Editores. Co-edited with Alberto Quintero. 2024.<\/p>\n\n\n\n<p><em>Sujetos del latinoamericanismo<\/em>. Pittsburgh: Instituto Internacional de Literatura Iberoamericana. Co-edited with H\u00e9ctor Hoyos and Florencia Garramu\u00f1o. 2023.<\/p>\n\n\n\n<p>SPECIAL ISSUES<\/p>\n\n\n\n<p><em>Iphigenia: centenario<\/em>, <em>Nuevo Texto Cr\u00edtico<\/em>, Vol. 30. Co-edited with H\u00e9ctor Hoyos and \u00c1lvaro Contreras. Forthcoming, 2025. <\/p>\n\n\n\n<p>SELECTED TALKS &amp; PRESENTATIONS<\/p>\n\n\n\n<p>&#8220;Against Productivity: Unproductive Writing in Early Latin American Fiction,&#8221; Cornell University. April 2025.&nbsp;<\/p>\n\n\n\n<p>&#8220;Beyond Imagination\u2019s Bounds: A Venezuelan Feminist Expansion of English Romantic Conceptions of \u2018Writing\u2019 and \u2018the Writer\u2019,&#8221; Harvard University. March, 2025.<\/p>\n\n\n\n<p>&#8220;Seasick Metabolism as Style in Gabriel Catren\u2019s&nbsp;<em>Pleromatica, or Elsinore\u2019s Trance<\/em>,&#8221; Universit\u00e9 de Toulouse. September, 2024.<\/p>\n\n\n\n<p>&#8220;Casarse o escribirse: escritura improductiva v. reproducci\u00f3n socioecon\u00f3mica en&nbsp;<em>Ifigenia<\/em>&nbsp;(1924)&nbsp;de Teresa de la Parra,&#8221; Stanford University. April, 2024.&nbsp;<\/p>\n\n\n\n<p>&#8220;Escritura improductiva en&nbsp;<em>Ifigenia<\/em>&nbsp;(1924)&nbsp;de Teresa de la Parra,&#8221; Sorbonne Universit\u00e9. April, 2024.&nbsp;<\/p>\n\n\n\n<p>\u201cAgainst Predictability: Affordances of Unproductive Writing for Anthropodecentric Thinking,\u201d <em>Stanford University<\/em>. February, 2023.<\/p>\n\n\n\n<p>\u201cPluma en mano(s): la escritura como tecnociencia y como performance en la novela latinoamericana decimon\u00f3nica.\u201d <em>IILI<\/em>. July, 2023.<\/p>\n\n\n\n<p>SELECTED ARTICLES<\/p>\n\n\n\n<p>&#8220;Ways of Queerness: Two Cursory Readings of Robin Myers&#8217; Hunting and Gathering,&#8221; <em>Acta Philologica<\/em> 62.1, 2024, 51-73.<\/p>\n\n\n\n<p>\u201cC\u00f3mo banalizar la deconstrucci\u00f3n en solo cinco pasos. Usos, \u00bfabusos? y potencialidades del t\u00e9rmino \u2018deconstrucci\u00f3n\u2019 en el presente,\u201d <em>Revista Luthor<\/em>, Volume 53, 2022, 1-27.<\/p>\n\n\n\n<p>\u201c\u00bfPuede la literatura hacer metaf\u00edsica? Metaf\u00edsica no-proposicional y aperturas inter-cosmol\u00f3gicas en \u2018Meu tio o Iauaret\u00ea\u2019 de Jo\u00e3o Guimar\u00e3es Rosa,\u201d <em>Revista Iberoamericana<\/em>, Issue 281, Volume 88, 2022, 927-38.<\/p>\n\n\n\n<p>SELECTED BOOK CHAPTERS<\/p>\n\n\n\n<p>\u201cWriting about Writing Amidst the End of Worlds: An Invitation.\u201d <em>Post-Global Aesthetics: Twenty-First Century Latin American Literatures and Cultures<\/em>. Edited by Gesine M\u00fcller and Benjamin Loy. Berlin, Boston: De Gruyter, 2022.<\/p>\n\n\n\n<p>\u201cAlter-reg\u00edmenes esc\u00f3picos. Modos de ver y de ser visto en la narrativa especulativa contempor\u00e1nea.\u201d <em>R\u00e9gimen esc\u00f3pico y experiencia. Figuraciones de la mirada y el cuerpo en la literatura y las artes. <\/em>Edited by Alicia Montes and Cristina Ares. Buenos Aires, Los Angeles: Argus-a, 2022.&nbsp;<\/p>\n\n\n\n<p>\u201cO que h\u00e1 de real no virtual.\u201d <em>Arte e Inova\u00e7\u00e3o em Tempos de Pandemia<\/em>. Co-authored with Ami Schiess. Edited by Rodolfo Augusto Melo Ward de Oliveira. Bras\u00edlia: Universidade de Bras\u00edlia, 2022.<\/p>\n\n\n\n<p>IN THE NEWS<\/p>\n\n\n\n<p>\u201c<a rel=\"noreferrer noopener\" target=\"_blank\" href=\"https:\/\/nam12.safelinks.protection.outlook.com\/?url=https%3A%2F%2Fas.cornell.edu%2Fnews%2Fwriting-against-productivity-latin-american-fiction&amp;data=05%7C02%7Crominaw%40cornell.edu%7C023223a1d9264d93751008dd6b98e4b3%7C5d7e43661b9b45cf8e79b14b27df46e1%7C0%7C0%7C638785026600405602%7CUnknown%7CTWFpbGZsb3d8eyJFbXB0eU1hcGkiOnRydWUsIlYiOiIwLjAuMDAwMCIsIlAiOiJXaW4zMiIsIkFOIjoiTWFpbCIsIldUIjoyfQ%3D%3D%7C0%7C%7C%7C&amp;sdata=s2X7EC6t4apzYoq1NX0lltcm0E7ZO2XoGVwb9zy1RV0%3D&amp;reserved=0\">Writing against productivity in Latin American fiction<\/a>\u201d<\/p>\n\n\n\n<p>\u201c<a rel=\"noreferrer noopener\" target=\"_blank\" href=\"https:\/\/nam12.safelinks.protection.outlook.com\/?url=https%3A%2F%2Fas.cornell.edu%2Fnews%2Fklarman-fellow-co-edits-trilingual-queer-latin-american-voices&amp;data=05%7C02%7Crominaw%40cornell.edu%7C023223a1d9264d93751008dd6b98e4b3%7C5d7e43661b9b45cf8e79b14b27df46e1%7C0%7C0%7C638785026600420512%7CUnknown%7CTWFpbGZsb3d8eyJFbXB0eU1hcGkiOnRydWUsIlYiOiIwLjAuMDAwMCIsIlAiOiJXaW4zMiIsIkFOIjoiTWFpbCIsIldUIjoyfQ%3D%3D%7C0%7C%7C%7C&amp;sdata=%2Bmb7fwoAcuCpu8eZ%2FDodKkhXFbmi3gAoYU06zkjFrew%3D&amp;reserved=0\">Klarman Fellow co-edits trilingual \u2018Queer Latin American Voices<\/a><a rel=\"noreferrer noopener\" target=\"_blank\" href=\"https:\/\/nam12.safelinks.protection.outlook.com\/?url=https%3A%2F%2Fas.cornell.edu%2Fnews%2Fwriting-against-productivity-latin-american-fiction&amp;data=05%7C02%7Crominaw%40cornell.edu%7C023223a1d9264d93751008dd6b98e4b3%7C5d7e43661b9b45cf8e79b14b27df46e1%7C0%7C0%7C638785026600435630%7CUnknown%7CTWFpbGZsb3d8eyJFbXB0eU1hcGkiOnRydWUsIlYiOiIwLjAuMDAwMCIsIlAiOiJXaW4zMiIsIkFOIjoiTWFpbCIsIldUIjoyfQ%3D%3D%7C0%7C%7C%7C&amp;sdata=VOuEhTeU68LuhQ4w79T%2F3WzfAFigz8g%2FEhfSTO9fA2Q%3D&amp;reserved=0\">\u2019<\/a>\u201d<\/p>\n\n\n\n<p><\/p>\n\n\n\n<p><\/p>\n\n\n\n<p><\/p>\n","protected":false},"excerpt":{"rendered":"<p>APPOINTMENTS &amp; EDUCATION Assistant Professor, Latin American and Iberian Cultures, USC. Postdoc., Klarman Postdoctoral Fellow, Romance Studies, Cornell University. Ph.D., Iberian and Latin American Cultures, Stanford University. M.Phil., Hispanic Studies, University of Glasgow. B.A., Modern Literature and Literary Theory, Universidad de Buenos Aires. Spec., Creative Writing, Casa de Letras. SELECTED PUBLICATIONS &amp; TALKS (2022-2025) BOOKS [&hellip;]<\/p>\n","protected":false},"author":1,"featured_media":0,"parent":0,"menu_order":0,"comment_status":"closed","ping_status":"closed","template":"","meta":{"footnotes":""},"class_list":["post-43","page","type-page","status-publish","hentry"],"_links":{"self":[{"href":"https:\/\/www.rominawainberg.com\/index.php?rest_route=\/wp\/v2\/pages\/43","targetHints":{"allow":["GET"]}}],"collection":[{"href":"https:\/\/www.rominawainberg.com\/index.php?rest_route=\/wp\/v2\/pages"}],"about":[{"href":"https:\/\/www.rominawainberg.com\/index.php?rest_route=\/wp\/v2\/types\/page"}],"author":[{"embeddable":true,"href":"https:\/\/www.rominawainberg.com\/index.php?rest_route=\/wp\/v2\/users\/1"}],"replies":[{"embeddable":true,"href":"https:\/\/www.rominawainberg.com\/index.php?rest_route=%2Fwp%2Fv2%2Fcomments&post=43"}],"version-history":[{"count":14,"href":"https:\/\/www.rominawainberg.com\/index.php?rest_route=\/wp\/v2\/pages\/43\/revisions"}],"predecessor-version":[{"id":132,"href":"https:\/\/www.rominawainberg.com\/index.php?rest_route=\/wp\/v2\/pages\/43\/revisions\/132"}],"wp:attachment":[{"href":"https:\/\/www.rominawainberg.com\/index.php?rest_route=%2Fwp%2Fv2%2Fmedia&parent=43"}],"curies":[{"name":"wp","href":"https:\/\/api.w.org\/{rel}","templated":true}]}}